{"id":58,"date":"2016-07-19T12:14:46","date_gmt":"2016-07-19T12:14:46","guid":{"rendered":"http:\/\/frankbrodda.com\/?page_id=58"},"modified":"2018-01-29T14:44:25","modified_gmt":"2018-01-29T14:44:25","slug":"daten","status":"publish","type":"page","link":"https:\/\/frankbrodda.com\/?page_id=58","title":{"rendered":"Daten"},"content":{"rendered":"<p>Haarfarbe blond<br \/>\nAugen graublau<br \/>\nGr\u00f6\u00dfe 1,93 m<br \/>\nKonfektionsgr\u00f6\u00dfe 58<br \/>\nTaille 96<br \/>\nH\u00fcfte 106<br \/>\nBrustumfang 112<br \/>\nGewicht 91 kg<br \/>\nKragenweite 43\/17<br \/>\nHut 59<br \/>\nHandschuhe 8,5<br \/>\nSchuhgr\u00f6\u00dfe 44<\/p>\n<p><a title=\"download\" href=\"pdf\/fb_4.pdf\" target=\"_blank\"><img decoding=\"async\" src=\"i\/fb_4_k.jpg\" border=\"0\" \/><\/a><\/p>\n<p><a title=\"download\" href=\"pdf\/fb_1.pdf\" target=\"_blank\"><img decoding=\"async\" src=\"i\/fb_1_k.jpg\" border=\"0\" \/><\/a><\/p>\n<p><a title=\"download\" href=\"pdf\/fb_2.pdf\" target=\"_blank\"><img decoding=\"async\" src=\"i\/fb_2_k.jpg\" border=\"0\" \/><\/a><\/p>\n<p><a title=\"download\" href=\"pdf\/fb_3.pdf\" target=\"_blank\"><img decoding=\"async\" src=\"i\/fb_3_k.jpg\" border=\"0\" \/><\/a><\/p>\n","protected":false},"excerpt":{"rendered":"<p>Haarfarbe blond Augen graublau Gr\u00f6\u00dfe 1,93 m Konfektionsgr\u00f6\u00dfe 58 Taille 96 H\u00fcfte 106 Brustumfang 112 Gewicht 91 kg Kragenweite 43\/17 Hut 59 Handschuhe 8,5 Schuhgr\u00f6\u00dfe 44<\/p>\n","protected":false},"author":1,"featured_media":0,"parent":36,"menu_order":0,"comment_status":"closed","ping_status":"closed","template":"","meta":{"footnotes":"","_links_to":"","_links_to_target":""},"class_list":["post-58","page","type-page","status-publish","h-entry","hentry","h-as-page"],"_links":{"self":[{"href":"https:\/\/frankbrodda.com\/index.php?rest_route=\/wp\/v2\/pages\/58","targetHints":{"allow":["GET"]}}],"collection":[{"href":"https:\/\/frankbrodda.com\/index.php?rest_route=\/wp\/v2\/pages"}],"about":[{"href":"https:\/\/frankbrodda.com\/index.php?rest_route=\/wp\/v2\/types\/page"}],"author":[{"embeddable":true,"href":"https:\/\/frankbrodda.com\/index.php?rest_route=\/wp\/v2\/users\/1"}],"replies":[{"embeddable":true,"href":"https:\/\/frankbrodda.com\/index.php?rest_route=%2Fwp%2Fv2%2Fcomments&post=58"}],"version-history":[{"count":3,"href":"https:\/\/frankbrodda.com\/index.php?rest_route=\/wp\/v2\/pages\/58\/revisions"}],"predecessor-version":[{"id":481,"href":"https:\/\/frankbrodda.com\/index.php?rest_route=\/wp\/v2\/pages\/58\/revisions\/481"}],"up":[{"embeddable":true,"href":"https:\/\/frankbrodda.com\/index.php?rest_route=\/wp\/v2\/pages\/36"}],"wp:attachment":[{"href":"https:\/\/frankbrodda.com\/index.php?rest_route=%2Fwp%2Fv2%2Fmedia&parent=58"}],"curies":[{"name":"wp","href":"https:\/\/api.w.org\/{rel}","templated":true}]}}