{"id":491,"date":"2018-02-13T12:44:22","date_gmt":"2018-02-13T12:44:22","guid":{"rendered":"http:\/\/frankbrodda.com\/?page_id=491"},"modified":"2024-08-27T13:58:41","modified_gmt":"2024-08-27T13:58:41","slug":"abfrage","status":"publish","type":"page","link":"https:\/\/frankbrodda.com\/?page_id=491","title":{"rendered":"TV Rollen"},"content":{"rendered":"<p>JAHR<br \/>\nFILM<br \/>\nROLLE<br \/>\nREGIE<br \/>\nSENDER<\/p>\n<hr \/>\n<p>2009<br \/>\nNiedrig &amp; Kuhnt: Lauter geht's nicht<br \/>\nHubert Klingen<br \/>\nNatalie Tielke<br \/>\nsat1<\/p>\n<p>2008<br \/>\nLen\u00dfen &amp; Partner: Len\u00dfen in Love<br \/>\nHauptkommissar Hannes Stockm\u00fcller<br \/>\nMarc Tannous<br \/>\nsat1<\/p>\n<p>2008<br \/>\nK11: Bloody Mary<br \/>\nJochen Stelter<br \/>\nAnne Katrin Mascher<br \/>\nsat1<\/p>\n<p>2008<br \/>\nPosch ermittelt: Meine Frau, die Hure<br \/>\nMarc Galler<br \/>\nDiana Oehm<br \/>\nRTL<\/p>\n<p>2008<br \/>\nNiedrig &amp; Kuhnt: Angst<br \/>\nHolger Weber<br \/>\nJulia Krell<br \/>\nsat1<\/p>\n<p>2007<br \/>\nNiedrig &amp; Kuhnt: B\u00f6ses Erwachen<br \/>\nValentin Prinz<br \/>\nJulia Crell<br \/>\nsat1<\/p>\n<p>2007<br \/>\nEin Fall f\u00fcr Zwei: T\u00f6dliche Besessenheit<br \/>\nSpurensucher Noll<br \/>\nMichaell H. Zens<br \/>\nZDF<\/p>\n<p>2007<br \/>\nLen\u00dfen &amp; Partner: M\u00f6rderisches Sexger\u00fccht<br \/>\nRolf Andrax<br \/>\nThilo ulrich<br \/>\nsat1<\/p>\n<p>2007<br \/>\nOlm unterwegs<br \/>\nSascha<br \/>\nJens Holzgreve<br \/>\nPro7<\/p>\n<p>2007<br \/>\nRichterin Barbara Salesch<br \/>\nBj\u00f6rn Wei\u00dfenburg<br \/>\nClaide von Reibnitz<br \/>\nsat1<\/p>\n<p>2006<br \/>\nK11: Todesfalle Modelagentur<br \/>\nSch\u00f6nheitschirurg Markus Hollbach<br \/>\nN. N.<br \/>\nsat1<\/p>\n<p>2006<br \/>\nK11: T\u00f6dlicher Plan<br \/>\nWerner von Achenbach<br \/>\nDiana Bruchheiser<br \/>\nsat1<\/p>\n<p>2006<br \/>\nDas Familiengericht: Liebesspiele<br \/>\nHajo Kessler<br \/>\nRolf Reemtsen<br \/>\nRTL<\/p>\n<p>2005<br \/>\nNiedrig &amp; Kuhnt: Die Wachsleiche<br \/>\nUlf Mielke<br \/>\nJulia Crell<br \/>\nsat1<\/p>\n<p>2005<br \/>\nK11: Mord im Sextaxi<br \/>\nStadtrat Hagen Markert<br \/>\nMoni Byrd<br \/>\nsat1<\/p>\n<p>2005<br \/>\nDas Gest\u00e4ndnis<br \/>\nMalte<br \/>\nN. N.<br \/>\nPro7<\/p>\n<p>2004<br \/>\nRichter Alexander Hold: Urteil Freispruch<br \/>\nArmin Walz<br \/>\nN. N.<br \/>\nsat1<\/p>\n<p>2004<br \/>\nNiedrig &amp; Kuhnt: verblutet im Treibhaus<br \/>\nVolker Behrens<br \/>\nClaudia Schneider<br \/>\nsat1<\/p>\n<p>2004<br \/>\nLen\u00dfen &amp; Partner: Verr\u00e4terisches Blut<br \/>\nDavid Schultheiss<br \/>\nThilo Ulrich<br \/>\nsat1<\/p>\n<p>2004<br \/>\nLen\u00dfen &amp; Partner: Skandal \u00e0 la Carte<br \/>\nWolfgang Wind<br \/>\nMoritz Mohr<br \/>\nsat1<\/p>\n<p>2004<br \/>\nK11: Babyneid<br \/>\nJochen Lange<br \/>\nUwe Heller<br \/>\nsat1<\/p>\n<p>2004<br \/>\nK11: Aff\u00e4re mit Todesfolge<br \/>\nGero Hauptmann<br \/>\nDavid Fabra<br \/>\nsat1<\/p>\n<p>2004<br \/>\nJGame<br \/>\nKandidat Thomas B.<br \/>\nEndemol<br \/>\nKabel 1<\/p>\n<p>2004<br \/>\nDie Kommissarin<br \/>\nAndreas Klein<br \/>\nRolf Luccini<br \/>\nARD<\/p>\n<p>2004<br \/>\nDer geheime Luftkrieg der Superm\u00e4chte<br \/>\nNavigator John McKone<br \/>\nMartin Pieper<br \/>\narte<\/p>\n<p>2003<br \/>\nEin Fall f\u00fcr Zwei<br \/>\nSpurensucher Jans Seidel<br \/>\nErich Neureuther<br \/>\nZDF<\/p>\n<p>2002<br \/>\nZwei bei Kallwass<br \/>\nPhilip Schuhmann<br \/>\nFred Bentz<br \/>\nsat1<\/p>\n<p>2002<br \/>\nZwei bei Kallwass<br \/>\nGregor Wiesel<br \/>\nFred Bentz<br \/>\nsat1<\/p>\n<p>2002<br \/>\nRichter Alexander Hold<br \/>\nDaniel Kaspar<br \/>\nTom Holzhauser<br \/>\nsat1<\/p>\n<p>2002<br \/>\nDie Jugendberaterin<br \/>\nBurkhard<br \/>\nIris Gangloff<br \/>\nsat1<\/p>\n<p>2002<br \/>\nDas Jugendgericht<br \/>\nMichael G\u00f6tz<br \/>\nN. N.<br \/>\nRTL<\/p>\n<p>2002<br \/>\nDas Familiengericht<br \/>\nFlorian Becker<br \/>\nMartin Schitto<br \/>\nRTL<\/p>\n<hr \/>\n","protected":false},"excerpt":{"rendered":"<p>JAHR FILM ROLLE REGIE SENDER 2009 Niedrig &amp; Kuhnt: Lauter geht's nicht Hubert Klingen Natalie Tielke sat1 2008 Len\u00dfen &amp; Partner: Len\u00dfen in Love Hauptkommissar Hannes Stockm\u00fcller Marc Tannous sat1 2008 K11: Bloody Mary Jochen Stelter Anne Katrin Mascher sat1 2008 Posch ermittelt: Meine Frau, die Hure Marc Galler Diana Oehm RTL 2008 Niedrig &amp; <a href=\"https:\/\/frankbrodda.com\/?page_id=491\" class=\"more-link\">...weiterlesen<span class=\"screen-reader-text\"> \"TV Rollen\"<\/span><\/a><\/p>\n","protected":false},"author":1,"featured_media":0,"parent":0,"menu_order":0,"comment_status":"closed","ping_status":"closed","template":"","meta":{"footnotes":"","_links_to":"","_links_to_target":""},"class_list":["post-491","page","type-page","status-publish","h-entry","hentry","h-as-page"],"_links":{"self":[{"href":"https:\/\/frankbrodda.com\/index.php?rest_route=\/wp\/v2\/pages\/491","targetHints":{"allow":["GET"]}}],"collection":[{"href":"https:\/\/frankbrodda.com\/index.php?rest_route=\/wp\/v2\/pages"}],"about":[{"href":"https:\/\/frankbrodda.com\/index.php?rest_route=\/wp\/v2\/types\/page"}],"author":[{"embeddable":true,"href":"https:\/\/frankbrodda.com\/index.php?rest_route=\/wp\/v2\/users\/1"}],"replies":[{"embeddable":true,"href":"https:\/\/frankbrodda.com\/index.php?rest_route=%2Fwp%2Fv2%2Fcomments&post=491"}],"version-history":[{"count":3,"href":"https:\/\/frankbrodda.com\/index.php?rest_route=\/wp\/v2\/pages\/491\/revisions"}],"predecessor-version":[{"id":542,"href":"https:\/\/frankbrodda.com\/index.php?rest_route=\/wp\/v2\/pages\/491\/revisions\/542"}],"wp:attachment":[{"href":"https:\/\/frankbrodda.com\/index.php?rest_route=%2Fwp%2Fv2%2Fmedia&parent=491"}],"curies":[{"name":"wp","href":"https:\/\/api.w.org\/{rel}","templated":true}]}}