{"id":36,"date":"2016-07-19T11:57:48","date_gmt":"2016-07-19T11:57:48","guid":{"rendered":"http:\/\/frankbrodda.com\/?page_id=36"},"modified":"2018-01-29T14:44:00","modified_gmt":"2018-01-29T14:44:00","slug":"downloads","status":"publish","type":"page","link":"https:\/\/frankbrodda.com\/?page_id=36","title":{"rendered":"Downloads"},"content":{"rendered":"<div class=\"entry-content\">\n<h2>Technische Hinweise<\/h2>\n<p>Zur optimalen Darstellung\u00a0sollte JavaScript aktiviert sein. Bei Sicherheitsbedenken\u00a0kann\u00a0auf JavaScript verzichtet werden. Die grundlegenden Funktionen der Website werden dadurch nicht beeintr\u00e4chtigt.<\/p>\n<p>F\u00fcr das \u00d6ffnen von\u00a0PDF-Dokumenten ist\u00a0der Acrobat Reader erforderlich. Es kann kostenlos heruntergeladen werden. Eine einmalige Installation gen\u00fcgt.<\/p>\n<p>Videomaterial kann unter Beachtung der Bildrechte zu Casting-Zwecken optional auch aus dem Downloadangebot direkt auf den PC gespeichert und dort mit dem Browser eigener Wahl abgespielt werden.\n<\/p><\/div>\n","protected":false},"excerpt":{"rendered":"<p>Technische Hinweise Zur optimalen Darstellung\u00a0sollte JavaScript aktiviert sein. Bei Sicherheitsbedenken\u00a0kann\u00a0auf JavaScript verzichtet werden. Die grundlegenden Funktionen der Website werden dadurch nicht beeintr\u00e4chtigt. F\u00fcr das \u00d6ffnen von\u00a0PDF-Dokumenten ist\u00a0der Acrobat Reader erforderlich. Es kann kostenlos heruntergeladen werden. Eine einmalige Installation gen\u00fcgt. Videomaterial kann unter Beachtung der Bildrechte zu Casting-Zwecken optional auch aus dem Downloadangebot direkt auf den <a href=\"https:\/\/frankbrodda.com\/?page_id=36\" class=\"more-link\">...weiterlesen<span class=\"screen-reader-text\"> \"Downloads\"<\/span><\/a><\/p>\n","protected":false},"author":1,"featured_media":0,"parent":0,"menu_order":0,"comment_status":"closed","ping_status":"closed","template":"","meta":{"footnotes":"","_links_to":"","_links_to_target":""},"class_list":["post-36","page","type-page","status-publish","h-entry","hentry","h-as-page"],"_links":{"self":[{"href":"https:\/\/frankbrodda.com\/index.php?rest_route=\/wp\/v2\/pages\/36","targetHints":{"allow":["GET"]}}],"collection":[{"href":"https:\/\/frankbrodda.com\/index.php?rest_route=\/wp\/v2\/pages"}],"about":[{"href":"https:\/\/frankbrodda.com\/index.php?rest_route=\/wp\/v2\/types\/page"}],"author":[{"embeddable":true,"href":"https:\/\/frankbrodda.com\/index.php?rest_route=\/wp\/v2\/users\/1"}],"replies":[{"embeddable":true,"href":"https:\/\/frankbrodda.com\/index.php?rest_route=%2Fwp%2Fv2%2Fcomments&post=36"}],"version-history":[{"count":15,"href":"https:\/\/frankbrodda.com\/index.php?rest_route=\/wp\/v2\/pages\/36\/revisions"}],"predecessor-version":[{"id":480,"href":"https:\/\/frankbrodda.com\/index.php?rest_route=\/wp\/v2\/pages\/36\/revisions\/480"}],"wp:attachment":[{"href":"https:\/\/frankbrodda.com\/index.php?rest_route=%2Fwp%2Fv2%2Fmedia&parent=36"}],"curies":[{"name":"wp","href":"https:\/\/api.w.org\/{rel}","templated":true}]}}