{"id":33,"date":"2016-07-19T11:56:22","date_gmt":"2016-07-19T11:56:22","guid":{"rendered":"http:\/\/frankbrodda.com\/?page_id=33"},"modified":"2024-08-27T12:39:41","modified_gmt":"2024-08-27T12:39:41","slug":"impressum","status":"publish","type":"page","link":"https:\/\/frankbrodda.com\/?page_id=33","title":{"rendered":"Impressum"},"content":{"rendered":"<div class=\"entry-content\">\n<div class=\"entry-content\">\n<p style=\"text-align: left;\">Frank Brodda<br \/>\nSeekatzstr. 21<br \/>\n67549 Worms<\/p>\n<p style=\"text-align: left;\">Mobil: 0177 8501820<br \/>\nFax: 06241 24630<br \/>\nmail@frankbrodda.com<br \/>\nwww.frankbrodda.com<\/p>\n<h3>Rechtliche Kurzhinweise<\/h3>\n<p>Alles, was RECHT ist, ist detailliert im Dropdownmen\u00fc unter dem Men\u00fcpunkt Recht aufrufbar.<\/p>\n<p>\u00a7 1 Haftungsbeschr\u00e4nkung<\/p>\n<p>F\u00fcr die Inhalte dieser Website wird keine Gew\u00e4hr hinsichtlich Richtigkeit, Vollst\u00e4ndigkeit und Aktualit\u00e4t \u00fcbernommen. Die Nutzung der Website erfolgt auf eigene Gefahr. Namentlich gekennzeichnete Beitr\u00e4ge geben die Meinung des jeweiligen Autors, lassen aber keinerlei R\u00fcckschluss auf die Meinung der Verantwortlichen der Website zu. Mit der reinen Nutzung der Website des Anbieters kommt keinerlei Vertragsverh\u00e4ltnis zwischen dem Nutzer und dem Anbieter zustande.<\/p>\n<p>\u00a7 2 Externe Links<\/p>\n<p>Alle auf dieser Website angebotenen externen Links unterliegen der Haftung der jeweiligen Betreiber. Die Inhalte wurden Bei der erstmaligen Verkn\u00fcpfung auf etwaige Rechtsverst\u00f6\u00dfe gepr\u00fcft. Auf die aktuelle und zuk\u00fcnftige Gestaltung sowie auf die Inhalte der verkn\u00fcpften Seiten kann keine Haftung \u00fcbernommen werden, da eine st\u00e4ndige Kontrolle der externen Links ohne konkrete Hinweise auf Rechtsverst\u00f6\u00dfe nicht zumutbar ist. Bei Kenntnis von Rechtsverst\u00f6\u00dfen werden betroffene externe Links unverz\u00fcglich gel\u00f6scht.<\/p>\n<p>\u00a7 3 Urheber- und Leistungsschutzrechte<\/p>\n<p>Die auf dieser Website ver\u00f6ffentlichten Inhalte unterliegen dem deutschen Urheber- und Leistungsschutzrecht, wodurch jegliche Verwertung wie insbesondere Vervielf\u00e4ltigung, Bearbeitung, \u00dcbersetzung, Einspeicherung, Verarbeitung bzw. Wiedergabe von Inhalten in Datenbanken oder anderen elektronischen Medien und Systemen sowie auch die Darstellung dieser Website in fremden Frames der vorherigen schriftlichen Zustimmung des Urhebers bedarf. Inhalte und Rechte Dritter sind dabei als solche gekennzeichnet.<\/p>\n<p>\u00a7 4 Datenschutz &amp; Nutzungshinweise<\/p>\n<p>Der Schutz pers\u00f6nlicher Daten unterliegt den Regeln der Datenschutzgesetze. Personenbezogene Daten werden auf dieser Website nur im technisch notwendigen Umfang erhoben. In keinem Fall werden die erhobenen Daten verkauft oder aus anderen Gr\u00fcnden an Dritte weitergegeben. F\u00fcr detaillierte Informationen wird auf die Men\u00fcpunkte <a href=\"https:\/\/frankbrodda.com\/?page_id=28\" target=\"_blank\" rel=\"noopener\">Datenschutz <\/a>und <a href=\"https:\/\/frankbrodda.com\/?page_id=26\" target=\"_blank\" rel=\"noopener\">Nutzungshinweise<\/a> verwiesen, die im Dropdownmen\u00fc zu Recht liegen.<\/p>\n<hr \/>\n<p style=\"text-align: left;\">Die Webseite nutzt ein Thema von WordPress.<\/p>\n<\/div>\n<\/div>\n","protected":false},"excerpt":{"rendered":"<p>Frank Brodda Seekatzstr. 21 67549 Worms Mobil: 0177 8501820 Fax: 06241 24630 mail@frankbrodda.com www.frankbrodda.com Rechtliche Kurzhinweise Alles, was RECHT ist, ist detailliert im Dropdownmen\u00fc unter dem Men\u00fcpunkt Recht aufrufbar. \u00a7 1 Haftungsbeschr\u00e4nkung F\u00fcr die Inhalte dieser Website wird keine Gew\u00e4hr hinsichtlich Richtigkeit, Vollst\u00e4ndigkeit und Aktualit\u00e4t \u00fcbernommen. Die Nutzung der Website erfolgt auf eigene Gefahr. Namentlich <a href=\"https:\/\/frankbrodda.com\/?page_id=33\" class=\"more-link\">...weiterlesen<span class=\"screen-reader-text\"> \"Impressum\"<\/span><\/a><\/p>\n","protected":false},"author":1,"featured_media":0,"parent":0,"menu_order":0,"comment_status":"closed","ping_status":"closed","template":"","meta":{"footnotes":"","_links_to":"","_links_to_target":""},"class_list":["post-33","page","type-page","status-publish","h-entry","hentry","h-as-page"],"_links":{"self":[{"href":"https:\/\/frankbrodda.com\/index.php?rest_route=\/wp\/v2\/pages\/33","targetHints":{"allow":["GET"]}}],"collection":[{"href":"https:\/\/frankbrodda.com\/index.php?rest_route=\/wp\/v2\/pages"}],"about":[{"href":"https:\/\/frankbrodda.com\/index.php?rest_route=\/wp\/v2\/types\/page"}],"author":[{"embeddable":true,"href":"https:\/\/frankbrodda.com\/index.php?rest_route=\/wp\/v2\/users\/1"}],"replies":[{"embeddable":true,"href":"https:\/\/frankbrodda.com\/index.php?rest_route=%2Fwp%2Fv2%2Fcomments&post=33"}],"version-history":[{"count":7,"href":"https:\/\/frankbrodda.com\/index.php?rest_route=\/wp\/v2\/pages\/33\/revisions"}],"predecessor-version":[{"id":539,"href":"https:\/\/frankbrodda.com\/index.php?rest_route=\/wp\/v2\/pages\/33\/revisions\/539"}],"wp:attachment":[{"href":"https:\/\/frankbrodda.com\/index.php?rest_route=%2Fwp%2Fv2%2Fmedia&parent=33"}],"curies":[{"name":"wp","href":"https:\/\/api.w.org\/{rel}","templated":true}]}}