{"id":24,"date":"2016-07-19T11:51:40","date_gmt":"2016-07-19T11:51:40","guid":{"rendered":"http:\/\/frankbrodda.com\/?page_id=24"},"modified":"2018-06-27T10:04:51","modified_gmt":"2018-06-27T10:04:51","slug":"recht","status":"publish","type":"page","link":"https:\/\/frankbrodda.com\/?page_id=24","title":{"rendered":"Recht"},"content":{"rendered":"<p>Webseitenbetreiber m\u00fcssen eine Vielzahl von Vorschriften \u200ebeachten. wir sind stets bem\u00fcht, die Grundregeln zu beachten und keine Vorschriften zu verletzen.<\/p>\n<p>Die rechtlichen Hinweise auf dieser Webseite erheben keinerlei Anspruch auf Vollst\u00e4ndigkeit. F\u00fcr die Richtigkeit der Angaben k\u00f6nnen wir daher keine Haftung \u00fcbernehmen.<\/p>\n<p>Die im Drop-Down-Men\u00fc zu dem Men\u00fcpunkt RECHT angebotenen Themen sollten aber auf jeden Fall Beachtung finden.<\/p>\n","protected":false},"excerpt":{"rendered":"<p>Webseitenbetreiber m\u00fcssen eine Vielzahl von Vorschriften \u200ebeachten. wir sind stets bem\u00fcht, die Grundregeln zu beachten und keine Vorschriften zu verletzen. Die rechtlichen Hinweise auf dieser Webseite erheben keinerlei Anspruch auf Vollst\u00e4ndigkeit. F\u00fcr die Richtigkeit der Angaben k\u00f6nnen wir daher keine Haftung \u00fcbernehmen. Die im Drop-Down-Men\u00fc zu dem Men\u00fcpunkt RECHT angebotenen Themen sollten aber auf jeden <a href=\"https:\/\/frankbrodda.com\/?page_id=24\" class=\"more-link\">...weiterlesen<span class=\"screen-reader-text\"> \"Recht\"<\/span><\/a><\/p>\n","protected":false},"author":1,"featured_media":0,"parent":0,"menu_order":0,"comment_status":"closed","ping_status":"closed","template":"","meta":{"footnotes":"","_links_to":"","_links_to_target":""},"class_list":["post-24","page","type-page","status-publish","h-entry","hentry","h-as-page"],"_links":{"self":[{"href":"https:\/\/frankbrodda.com\/index.php?rest_route=\/wp\/v2\/pages\/24","targetHints":{"allow":["GET"]}}],"collection":[{"href":"https:\/\/frankbrodda.com\/index.php?rest_route=\/wp\/v2\/pages"}],"about":[{"href":"https:\/\/frankbrodda.com\/index.php?rest_route=\/wp\/v2\/types\/page"}],"author":[{"embeddable":true,"href":"https:\/\/frankbrodda.com\/index.php?rest_route=\/wp\/v2\/users\/1"}],"replies":[{"embeddable":true,"href":"https:\/\/frankbrodda.com\/index.php?rest_route=%2Fwp%2Fv2%2Fcomments&post=24"}],"version-history":[{"count":9,"href":"https:\/\/frankbrodda.com\/index.php?rest_route=\/wp\/v2\/pages\/24\/revisions"}],"predecessor-version":[{"id":527,"href":"https:\/\/frankbrodda.com\/index.php?rest_route=\/wp\/v2\/pages\/24\/revisions\/527"}],"wp:attachment":[{"href":"https:\/\/frankbrodda.com\/index.php?rest_route=%2Fwp%2Fv2%2Fmedia&parent=24"}],"curies":[{"name":"wp","href":"https:\/\/api.w.org\/{rel}","templated":true}]}}